{"id":7234,"date":"2026-01-06T15:38:17","date_gmt":"2026-01-06T15:38:17","guid":{"rendered":"https:\/\/urbanklancnik.com\/product\/read-till-the-end-unisex-classic-tee\/"},"modified":"2026-01-06T18:48:43","modified_gmt":"2026-01-06T18:48:43","slug":"read-till-the-end-unisex-classic-tee","status":"publish","type":"product","link":"https:\/\/urbanklancnik.com\/en\/product\/read-till-the-end-unisex-classic-tee\/","title":{"rendered":"Read Till the End Unisex classic tee"},"content":{"rendered":"<p>Klasi\u010dna uniseks majica iz 100 % bomba\u017ea poskrbi za bolj strukturiran videz. Lepo se prilega telesu, ohranja \u010diste linije ob robovih in se odli\u010dno ujema z ve\u010dplastnimi streetwear kombinacijami. Poleg tega je trenutno \u0161e posebej v trendu!<\/p>\n<p>\u2022 100 % bomba\u017e<br \/>\n\u2022 Sport Grey: 90 % bomba\u017e, 10 % poliester<br \/>\n\u2022 Ash Grey: 99 % bomba\u017e, 1 % poliester<br \/>\n\u2022 Heather barve: 50 % bomba\u017e, 50 % poliester<br \/>\n\u2022 Te\u017ea blaga: 5,0\u20135,3 oz\/yd\u00b2 (170\u2013180 g\/m\u00b2)<br \/>\n\u2022 Open-end preja<br \/>\n\u2022 Brez\u0161ivna (tubularna) tkanina<br \/>\n\u2022 Oja\u010dan ovratnik in ramenski \u0161ivi<br \/>\n\u2022 Dvojni \u0161iv na rokavih in spodnjem robu<br \/>\n\u2022 Prazen izdelek izvira iz: Honduras, Nikaragva, Haiti, Dominikanska republika, Banglade\u0161, Mehika<\/p>\n<p>Opozorila:<br \/>\n\u2022 Zaradi lastnosti blaga je lahko bela barva rahlo kremna in ne povsem sne\u017eno bela.<br \/>\n\u2022 Pri barvi Natural so temne pikice v tkanini pri\u010dakovane in predstavljajo naravno lastnost materiala.<\/p>\n<p>Age restrictions: For adults<br \/>\nEU Warranty: 2 years<br \/>\nOther compliance information: Meets the flammability, lead, cadmium, phthalates and formaldehyde level requirements.<\/p>\n<p>In compliance with the General Product Safety Regulation (GPSR), <b>Oak inc.<\/b> and <b>SINDEN VENTURES LIMITED<\/b> ensure that all consumer products offered are safe and meet EU standards. For any product safety related inquiries or concerns, please contact our EU representative at <b>gpsr@sindenventures.com<\/b>. You can also write to us at <b>123 Main Street, Anytown, Country<\/b> or<b> Markou Evgenikou 11, Mesa Geitonia, 4002, Limassol, Cyprus.<b><\/b><\/b><\/p>","protected":false},"excerpt":{"rendered":"<p>Klasi\u010dna uniseks majica iz 100 % bomba\u017ea poskrbi za bolj strukturiran videz. Lepo se prilega telesu, ohranja \u010diste linije ob robovih in se odli\u010dno ujema z ve\u010dplastnimi streetwear kombinacijami. Poleg [&hellip;]<\/p>\n","protected":false},"featured_media":7289,"comment_status":"open","ping_status":"closed","template":"","meta":[],"product_brand":[],"product_cat":[86],"product_tag":[],"product_publisher":[],"class_list":{"0":"post-7234","1":"product","2":"type-product","3":"status-publish","4":"has-post-thumbnail","6":"product_cat-art-design","8":"first","9":"instock","10":"taxable","11":"shipping-taxable","12":"purchasable","13":"product-type-variable"},"jetpack_sharing_enabled":true,"_links":{"self":[{"href":"https:\/\/urbanklancnik.com\/en\/wp-json\/wp\/v2\/product\/7234","targetHints":{"allow":["GET"]}}],"collection":[{"href":"https:\/\/urbanklancnik.com\/en\/wp-json\/wp\/v2\/product"}],"about":[{"href":"https:\/\/urbanklancnik.com\/en\/wp-json\/wp\/v2\/types\/product"}],"replies":[{"embeddable":true,"href":"https:\/\/urbanklancnik.com\/en\/wp-json\/wp\/v2\/comments?post=7234"}],"version-history":[{"count":0,"href":"https:\/\/urbanklancnik.com\/en\/wp-json\/wp\/v2\/product\/7234\/revisions"}],"wp:featuredmedia":[{"embeddable":true,"href":"https:\/\/urbanklancnik.com\/en\/wp-json\/wp\/v2\/media\/7289"}],"wp:attachment":[{"href":"https:\/\/urbanklancnik.com\/en\/wp-json\/wp\/v2\/media?parent=7234"}],"wp:term":[{"taxonomy":"product_brand","embeddable":true,"href":"https:\/\/urbanklancnik.com\/en\/wp-json\/wp\/v2\/product_brand?post=7234"},{"taxonomy":"product_cat","embeddable":true,"href":"https:\/\/urbanklancnik.com\/en\/wp-json\/wp\/v2\/product_cat?post=7234"},{"taxonomy":"product_tag","embeddable":true,"href":"https:\/\/urbanklancnik.com\/en\/wp-json\/wp\/v2\/product_tag?post=7234"},{"taxonomy":"product_publisher","embeddable":true,"href":"https:\/\/urbanklancnik.com\/en\/wp-json\/wp\/v2\/product_publisher?post=7234"}],"curies":[{"name":"wp","href":"https:\/\/api.w.org\/{rel}","templated":true}]}}