{"id":7176,"date":"2026-01-01T15:41:59","date_gmt":"2026-01-01T15:41:59","guid":{"rendered":"https:\/\/urbanklancnik.com\/product\/books-coffee-salica\/"},"modified":"2026-01-06T13:49:43","modified_gmt":"2026-01-06T13:49:43","slug":"books-coffee-salica","status":"publish","type":"product","link":"https:\/\/urbanklancnik.com\/en\/product\/books-coffee-salica\/","title":{"rendered":"Books &amp; Coffee \u0161alica"},"content":{"rendered":"<p>Books &amp; Coffee \u0161alica je popolno darilo za vse, ki ne morete brez enega ali drugega. Ne glede na to, ali pije\u0161 jutranjo kavo, ve\u010derni \u010daj ali kaj vmes \u2013 ta skodelica je zate! Je trpe\u017ena, sijo\u010da in ima \u017eivahen potisk, ki brez te\u017eav prenese uporabo v mikrovalovni pe\u010dici in pomivalnem stroju.<\/p>\n<p>\u2022 Kerami\u010dna<br \/>\n\u2022 Velikost skodelice 11 oz: vi\u0161ina 3,8\u2033 (9,6 cm), premer 3,2\u2033 (8,2 cm)<br \/>\n\u2022 Velikost skodelice 15 oz: vi\u0161ina 4,7\u2033 (11,9 cm), premer 3,3\u2033 (8,5 cm)<br \/>\n\u2022 Velikost skodelice 20 oz: vi\u0161ina 4,3\u2033 (10,9 cm), premer 3,7\u2033 (9,3 cm)<br \/>\n\u2022 Material brez svinca in BPA<br \/>\n\u2022 Primerna za pomivanje v pomivalnem stroju in uporabo v mikrovalovni pe\u010dici<br \/>\n\u2022 Neobdelan izdelek izvira iz Kitajske<\/p>","protected":false},"excerpt":{"rendered":"<p>Books &amp; Coffee \u0161alica je popolno darilo za vse, ki ne morete brez enega ali drugega. Ne glede na to, ali pije\u0161 jutranjo kavo, ve\u010derni \u010daj ali kaj vmes \u2013 [&hellip;]<\/p>\n","protected":false},"featured_media":7181,"comment_status":"open","ping_status":"closed","template":"","meta":[],"product_brand":[],"product_cat":[86,164],"product_tag":[170,171],"product_publisher":[],"class_list":{"0":"post-7176","1":"product","2":"type-product","3":"status-publish","4":"has-post-thumbnail","6":"product_cat-art-design","7":"product_cat-skodelice","8":"product_tag-skodelica","9":"product_tag-skodelice","11":"first","12":"instock","13":"taxable","14":"shipping-taxable","15":"purchasable","16":"product-type-variable"},"jetpack_sharing_enabled":true,"_links":{"self":[{"href":"https:\/\/urbanklancnik.com\/en\/wp-json\/wp\/v2\/product\/7176","targetHints":{"allow":["GET"]}}],"collection":[{"href":"https:\/\/urbanklancnik.com\/en\/wp-json\/wp\/v2\/product"}],"about":[{"href":"https:\/\/urbanklancnik.com\/en\/wp-json\/wp\/v2\/types\/product"}],"replies":[{"embeddable":true,"href":"https:\/\/urbanklancnik.com\/en\/wp-json\/wp\/v2\/comments?post=7176"}],"version-history":[{"count":0,"href":"https:\/\/urbanklancnik.com\/en\/wp-json\/wp\/v2\/product\/7176\/revisions"}],"wp:featuredmedia":[{"embeddable":true,"href":"https:\/\/urbanklancnik.com\/en\/wp-json\/wp\/v2\/media\/7181"}],"wp:attachment":[{"href":"https:\/\/urbanklancnik.com\/en\/wp-json\/wp\/v2\/media?parent=7176"}],"wp:term":[{"taxonomy":"product_brand","embeddable":true,"href":"https:\/\/urbanklancnik.com\/en\/wp-json\/wp\/v2\/product_brand?post=7176"},{"taxonomy":"product_cat","embeddable":true,"href":"https:\/\/urbanklancnik.com\/en\/wp-json\/wp\/v2\/product_cat?post=7176"},{"taxonomy":"product_tag","embeddable":true,"href":"https:\/\/urbanklancnik.com\/en\/wp-json\/wp\/v2\/product_tag?post=7176"},{"taxonomy":"product_publisher","embeddable":true,"href":"https:\/\/urbanklancnik.com\/en\/wp-json\/wp\/v2\/product_publisher?post=7176"}],"curies":[{"name":"wp","href":"https:\/\/api.w.org\/{rel}","templated":true}]}}