{"id":4402,"date":"2025-01-10T06:46:35","date_gmt":"2025-01-10T06:46:35","guid":{"rendered":"https:\/\/urbanklancnik.com\/?post_type=product&#038;p=4402"},"modified":"2026-01-01T11:11:14","modified_gmt":"2026-01-01T11:11:14","slug":"zavetisce-potovanje-skozi-reko-lethe","status":"publish","type":"product","link":"https:\/\/urbanklancnik.com\/en\/product\/zavetisce-potovanje-skozi-reko-lethe\/","title":{"rendered":"Sanctuary: Through the Waters of Lethe"},"content":{"rendered":"<div data-elementor-type=\"product-post\" data-elementor-id=\"4402\" class=\"elementor elementor-4402\" data-elementor-post-type=\"product\">\n\t\t\t\t\t\t<section class=\"elementor-section elementor-top-section elementor-element elementor-element-447dc5e elementor-section-boxed elementor-section-height-default elementor-section-height-default\" data-id=\"447dc5e\" data-element_type=\"section\" data-e-type=\"section\">\n\t\t\t\t\t\t<div class=\"elementor-container elementor-column-gap-no\">\n\t\t\t\t\t<div class=\"elementor-column elementor-col-50 elementor-top-column elementor-element elementor-element-f3053f9\" data-id=\"f3053f9\" data-element_type=\"column\" data-e-type=\"column\">\n\t\t\t<div class=\"elementor-widget-wrap elementor-element-populated\">\n\t\t\t\t\t\t<div class=\"elementor-element elementor-element-f177c0d elementor-widget elementor-widget-ube-banner\" data-id=\"f177c0d\" data-element_type=\"widget\" data-e-type=\"widget\" data-widget_type=\"ube-banner.default\">\n\t\t\t\t<div class=\"elementor-widget-container\">\n\t\t\t\t\t    <div class=\"ube-banner ube-banner-layout-01 ube-banner-effect-img-zoom-in\">\n        <div class=\"ube-banner-image\">\n\t\t\t                <a href=\"#\">\n                <\/a>\n\t\t\t            <div class=\"ube-banner-bg\" style=\"padding-bottom:155.38277511962%;background-image : url(https:\/\/urbanklancnik.com\/wp-content\/uploads\/2025\/01\/Zavetisce-naslovnica-1.jpg)\">\n            <\/div>\n        <\/div>\n        <div class=\"ube-banner-content\">\n\t\t\t\t\t\t\t\t\t\t\t\t\t\t\t\t\t\t\t\t\t        <\/div>\n    <\/div>\n\t\t\t\t<\/div>\n\t\t\t\t<\/div>\n\t\t\t\t\t<\/div>\n\t\t<\/div>\n\t\t\t\t<div class=\"elementor-column elementor-col-50 elementor-top-column elementor-element elementor-element-be5cca8\" data-id=\"be5cca8\" data-element_type=\"column\" data-e-type=\"column\">\n\t\t\t<div class=\"elementor-widget-wrap elementor-element-populated\">\n\t\t\t\t\t\t<div class=\"elementor-element elementor-element-c532970 elementor-widget elementor-widget-ube-heading\" data-id=\"c532970\" data-element_type=\"widget\" data-e-type=\"widget\" data-widget_type=\"ube-heading.default\">\n\t\t\t\t<div class=\"elementor-widget-container\">\n\t\t\t\t\t<div class=\"ube-heading\">\n\t<h4 class=\"ube-heading-title\">Description<\/h4><\/div>\t\t\t\t<\/div>\n\t\t\t\t<\/div>\n\t\t\t\t<div class=\"elementor-element elementor-element-85a9a3d elementor-widget elementor-widget-text-editor\" data-id=\"85a9a3d\" data-element_type=\"widget\" data-e-type=\"widget\" data-widget_type=\"text-editor.default\">\n\t\t\t\t<div class=\"elementor-widget-container\">\n\t\t\t\t\t\t\t\t\t<p data-pm-slice=\"1 1 []\">A father and his two-year-old son desperately search for refuge in a crumbling world. A poignant and heart-wrenching story about the unconditional love between a father and his son.<\/p>\n<p><strong>The Author's Thoughts on the Book:<\/strong> This is one of my most personal novels. I poured my entire soul into it, and if I never wrote anything else, that would be fine because this novel completely defines me. I hope to evoke a genuine emotional response in the reader; I certainly shook myself to the core while writing it.<\/p>\n<p><strong>Zato\u010di\u0161\u010de: Skozi vode Lethe<\/strong> It is a psychological drama that follows former architect Kyle Schuster and his two-year-old son, Sean. After a global pandemic, the father and son attempt to reach a cabin where Kyle spent his childhood summers. It is the only place the desperate father believes will keep them safe. However, their journey to the refuge unveils a harrowing secret.<\/p>\n<p><strong>Opinions:<\/strong><\/p>\n<p>\"This excellent thriller holds up a mirror to contemporary social events, while its subtlety and carefully crafted psychological background move the reader so deeply that they begin to ask themselves: what if all of this is true? A book that you can read in one sitting.\"<\/p>\n<p>\u201cSavior, Machinist, Mad Max and Jakob's ladder \u2013 all in one book.\u201d<\/p>\n<p>\"A gripping thriller that simultaneously touches on many societal issues.\"<\/p>\n<p>\"Full of moral lessons, an engaging story, and a surprising conclusion.\"<\/p>\n<p><strong>A reader's review:<\/strong>&nbsp;<\/p><p>\"What the hell? What did I just read? Absolutely astonishing! I can honestly say that this is one of the best novels I\u2019ve ever read. Now I need to figure out what Lethe means :).\"<\/p>\t\t\t\t\t\t\t\t<\/div>\n\t\t\t\t<\/div>\n\t\t\t\t<div class=\"elementor-element elementor-element-a48f879 elementor-grid-mobile-3 elementor-grid-1 elementor-widget elementor-widget-ube-advanced-client-logo\" data-id=\"a48f879\" data-element_type=\"widget\" data-e-type=\"widget\" data-widget_type=\"ube-advanced-client-logo.default\">\n\t\t\t\t<div class=\"elementor-widget-container\">\n\t\t\t\t\t\t\t<div class=\"elementor-grid ube-client-logo\">\n\t\t\t\t\t\t\t\t\t\t\t<div class=\"elementor-grid-item elementor-repeater-item-8a996d3\">\n\t\t\t\t<a href=\"https:\/\/www.amazon.com\/Sanctuary-Through-Waters-Urban-Klancnik-ebook\/dp\/B0BFFYRQP4\/ref=sr_1_1?crid=78CLJ41MXZHL&#038;dib=eyJ2IjoiMSJ9.lVE3eF13836TaVTfslg5A0Koy8hfr7N5ovL67rWUTMzGjHj071QN20LucGBJIEps.7K3efkJn3teqYBN_YqF-T3pao81WGaPlkOkv1svD_m0&#038;dib_tag=se&#038;keywords=urban+klancnik&#038;qid=1736364602&#038;sprefix=urban+klancnik%2Caps%2C181&#038;sr=8-1\" target=\"_blank\" rel=\"nofollow noopener\" class=\"ube-client-logo-item\"><img fetchpriority=\"high\" decoding=\"async\" width=\"2450\" height=\"2560\" src=\"https:\/\/urbanklancnik.com\/wp-content\/uploads\/2025\/01\/amazon-scaled.jpg\" class=\"attachment-full size-full wp-image-4543\" alt=\"\" srcset=\"https:\/\/urbanklancnik.com\/wp-content\/uploads\/2025\/01\/amazon-scaled.jpg 2450w, https:\/\/urbanklancnik.com\/wp-content\/uploads\/2025\/01\/amazon-287x300.jpg 287w, https:\/\/urbanklancnik.com\/wp-content\/uploads\/2025\/01\/amazon-980x1024.jpg 980w, https:\/\/urbanklancnik.com\/wp-content\/uploads\/2025\/01\/amazon-768x803.jpg 768w, https:\/\/urbanklancnik.com\/wp-content\/uploads\/2025\/01\/amazon-1470x1536.jpg 1470w, https:\/\/urbanklancnik.com\/wp-content\/uploads\/2025\/01\/amazon-1960x2048.jpg 1960w, https:\/\/urbanklancnik.com\/wp-content\/uploads\/2025\/01\/amazon-600x627.jpg 600w\" sizes=\"(max-width: 2450px) 100vw, 2450px\" \/><\/a>\t\t\t<\/div>\n\t\t\t\t\t\t<\/div>\n\t\t\t\t\t\t<\/div>\n\t\t\t\t<\/div>\n\t\t\t\t\t<\/div>\n\t\t<\/div>\n\t\t\t\t\t<\/div>\n\t\t<\/section>\n\t\t\t\t<section class=\"elementor-section elementor-top-section elementor-element elementor-element-8e7ab8f elementor-section-boxed elementor-section-height-default elementor-section-height-default\" data-id=\"8e7ab8f\" data-element_type=\"section\" data-e-type=\"section\">\n\t\t\t\t\t\t<div class=\"elementor-container elementor-column-gap-default\">\n\t\t\t\t\t<div class=\"elementor-column elementor-col-100 elementor-top-column elementor-element elementor-element-3b842b4\" data-id=\"3b842b4\" data-element_type=\"column\" data-e-type=\"column\">\n\t\t\t<div class=\"elementor-widget-wrap elementor-element-populated\">\n\t\t\t\t\t\t<div class=\"elementor-element elementor-element-5e3e6bf elementor-widget elementor-widget-html\" data-id=\"5e3e6bf\" data-element_type=\"widget\" data-e-type=\"widget\" data-widget_type=\"html.default\">\n\t\t\t\t<div class=\"elementor-widget-container\">\n\t\t\t\t\t<div class=\"_3d-flip-book  fb3d-fullscreen-mode full-size\" data-id=\"4565\" data-mode=\"fullscreen\" data-title=\"false\" data-template=\"short-white-book-view\" data-lightbox=\"dark-shadow\" data-urlparam=\"fb3d-page\" data-page-n=\"0\" data-pdf=\"\" data-tax=\"null\" data-thumbnail=\"\" data-cols=\"3\" data-book-template=\"default\" data-trigger=\"\"><\/div><script type=\"text\/javascript\">window.FB3D_CLIENT_DATA = window.FB3D_CLIENT_DATA || [];FB3D_CLIENT_DATA.push('eyJwb3N0cyI6eyI0NTY1Ijp7IklEIjo0NTY1LCJ0aXRsZSI6IlphdmV0aVx1MDE2MVx1MDEwZGU6IFBvdG92YW5qZSBza296aSByZWtvIExldGhlIiwidHlwZSI6InBkZiIsInJlYWR5X2Z1bmN0aW9uIjoiIiwiYm9va19zdHlsZSI6ImF1dG8iLCJib29rX3RlbXBsYXRlIjoibm9uZSIsIm91dGxpbmUiOltdLCJkYXRhIjp7InBvc3RfSUQiOiI0NTc0IiwiZ3VpZCI6Imh0dHBzOlwvXC91cmJhbmtsYW5jbmlrLmNvbVwvd3AtY29udGVudFwvdXBsb2Fkc1wvMjAyNVwvMDFcL1phdmV0aXNjZS0xLnBkZiIsInBkZl9wYWdlcyI6IjEwIiwicGFnZXNfY3VzdG9taXphdGlvbiI6Im5vbmUifSwidGh1bWJuYWlsIjp7ImRhdGEiOnsicG9zdF9JRCI6IjQ0MDMifSwidHlwZSI6Im1lZGlhSW1hZ2UifSwicHJvcHMiOnsiYmFja2dyb3VuZENvbG9yIjoiYXV0byIsImJhY2tncm91bmRJbWFnZSI6ImF1dG8iLCJiYWNrZ3JvdW5kU3R5bGUiOiJhdXRvIiwiaGlnaGxpZ2h0TGlua3MiOiJhdXRvIiwibGlnaHRpbmciOiJhdXRvIiwic2luZ2xlUGFnZU1vZGUiOiJhdXRvIiwiY2FjaGVkUGFnZXMiOiJhdXRvIiwicmVuZGVySW5hY3RpdmVQYWdlcyI6ImF1dG8iLCJyZW5kZXJJbmFjdGl2ZVBhZ2VzT25Nb2JpbGUiOiJhdXRvIiwicmVuZGVyV2hpbGVGbGlwcGluZyI6ImF1dG8iLCJwcmVsb2FkUGFnZXMiOiJhdXRvIiwiYXV0b1BsYXlEdXJhdGlvbiI6ImF1dG8iLCJydGwiOiJhdXRvIiwiaW50ZXJhY3RpdmVDb3JuZXJzIjoiYXV0byIsIm1heERlcHRoIjoiYXV0byIsInNoZWV0Ijp7InN0YXJ0VmVsb2NpdHkiOiJhdXRvIiwid2F2ZSI6ImF1dG8iLCJzaGFwZSI6ImF1dG8iLCJ3aWR0aFRleGVscyI6ImF1dG8iLCJjb2xvciI6ImF1dG8iLCJzaWRlIjoiYXV0byIsInN0cmV0Y2hJbWFnZXMiOiJhdXRvIiwiY29ybmVyRGV2aWF0aW9uIjoiYXV0byIsImZsZXhpYmlsaXR5IjoiYXV0byIsImZsZXhpYmxlQ29ybmVyIjoiYXV0byIsImJlbmRpbmciOiJhdXRvIiwiaGVpZ2h0VGV4ZWxzIjoiYXV0byJ9LCJjb3ZlciI6eyJ3YXZlIjoiYXV0byIsImNvbG9yIjoiYXV0byIsInNpZGUiOiJhdXRvIiwic3RyZXRjaEltYWdlcyI6ImF1dG8iLCJiaW5kZXJUZXh0dXJlIjoiYXV0byIsImRlcHRoIjoiYXV0byIsInBhZGRpbmciOiJhdXRvIiwic3RhcnRWZWxvY2l0eSI6ImF1dG8iLCJmbGV4aWJpbGl0eSI6ImF1dG8iLCJmbGV4aWJsZUNvcm5lciI6ImF1dG8iLCJiZW5kaW5nIjoiYXV0byIsIndpZHRoVGV4ZWxzIjoiYXV0byIsImhlaWdodFRleGVscyI6ImF1dG8iLCJtYXNzIjoiYXV0byIsInNoYXBlIjoiYXV0byJ9LCJwYWdlIjp7IndhdmUiOiJhdXRvIiwiY29sb3IiOiJhdXRvIiwic2lkZSI6ImF1dG8iLCJzdHJldGNoSW1hZ2VzIjoiYXV0byIsImRlcHRoIjoiYXV0byIsInN0YXJ0VmVsb2NpdHkiOiJhdXRvIiwiZmxleGliaWxpdHkiOiJhdXRvIiwiZmxleGlibGVDb3JuZXIiOiJhdXRvIiwiYmVuZGluZyI6ImF1dG8iLCJ3aWR0aFRleGVscyI6ImF1dG8iLCJoZWlnaHRUZXhlbHMiOiJhdXRvIiwibWFzcyI6ImF1dG8iLCJzaGFwZSI6ImF1dG8ifSwiaGVpZ2h0IjoiYXV0byIsIndpZHRoIjoiYXV0byIsImdyYXZpdHkiOiJhdXRvIiwicGFnZXNGb3JQcmVkaWN0aW5nIjoiYXV0byJ9LCJjb250cm9sUHJvcHMiOnsiYWN0aW9ucyI6eyJjbWRUb2MiOnsiZW5hYmxlZCI6ImF1dG8iLCJlbmFibGVkSW5OYXJyb3ciOiJhdXRvIiwiYWN0aXZlIjoiYXV0byIsImRlZmF1bHRUYWIiOiJhdXRvIn0sImNtZEF1dG9QbGF5Ijp7ImVuYWJsZWQiOiJhdXRvIiwiZW5hYmxlZEluTmFycm93IjoiYXV0byIsImFjdGl2ZSI6ImF1dG8ifSwiY21kU2F2ZSI6eyJlbmFibGVkIjoiYXV0byIsImVuYWJsZWRJbk5hcnJvdyI6ImF1dG8ifSwiY21kUHJpbnQiOnsiZW5hYmxlZCI6ImF1dG8iLCJlbmFibGVkSW5OYXJyb3ciOiJhdXRvIn0sImNtZFNpbmdsZVBhZ2UiOnsiZW5hYmxlZCI6ImF1dG8iLCJlbmFibGVkSW5OYXJyb3ciOiJhdXRvIiwiYWN0aXZlIjoiYXV0byIsImFjdGl2ZUZvck1vYmlsZSI6ImF1dG8ifSwid2lkVG9vbGJhciI6eyJlbmFibGVkIjoiYXV0byIsImVuYWJsZWRJbk5hcnJvdyI6ImF1dG8ifX19LCJhdXRvVGh1bWJuYWlsIjpudWxsLCJwb3N0X25hbWUiOiJ6YXZldGlzY2UtcG90b3ZhbmplLXNrb3ppLXJla28tbGV0aGUiLCJwb3N0X3R5cGUiOiIzZC1mbGlwLWJvb2sifX0sInBhZ2VzIjpbXSwiZmlyc3RQYWdlcyI6W119');window.FB3D_CLIENT_LOCALE && FB3D_CLIENT_LOCALE.render && FB3D_CLIENT_LOCALE.render();<\/script>\t\t\t\t<\/div>\n\t\t\t\t<\/div>\n\t\t\t\t\t<\/div>\n\t\t<\/div>\n\t\t\t\t\t<\/div>\n\t\t<\/section>\n\t\t\t\t<\/div>","protected":false},"excerpt":{"rendered":"<p data-pm-slice=\"1 1 []\">A father and his two-year-old son desperately search for refuge in a crumbling world. A poignant and heart-wrenching story about the unconditional love between a father and his son.<\/p>\n<p><strong>The Author's Thoughts on the Book:<\/strong> This is one of my most personal novels. I poured my entire soul into it, and if I never wrote anything else, that would be fine because this novel completely defines me. I hope to evoke a genuine emotional response in the reader; I certainly shook myself to the core while writing it.<\/p>\n<p><strong>Zato\u010di\u0161\u010de: Skozi vode Lethe<\/strong> It is a psychological drama that follows former architect Kyle Schuster and his two-year-old son, Sean. After a global pandemic, the father and son attempt to reach a cabin where Kyle spent his childhood summers. It is the only place the desperate father believes will keep them safe. However, their journey to the refuge unveils a harrowing secret.<\/p>\n<p><strong>Opinions:<\/strong> \"This excellent thriller holds up a mirror to contemporary social events, while its subtlety and carefully crafted psychological background move the reader so deeply that they begin to ask themselves: what if all of this is true? A book that you can read in one sitting.\"<\/p>\n<p>\u201cSavior, Machinist, Mad Max and Jakob's ladder \u2013 all in one book.\u201d<\/p>\n<p>\"A gripping thriller that simultaneously touches on many societal issues.\"<\/p>\n<p>\"Full of moral lessons, an engaging story, and a surprising conclusion.\"<\/p>\n<p><strong>A reader's review:<\/strong> \"What the hell? What did I just read? Absolutely astonishing! I can honestly say that this is one of the best novels I\u2019ve ever read. Now I need to figure out what Lethe means :).\"<\/p>","protected":false},"featured_media":4427,"comment_status":"closed","ping_status":"closed","template":"","meta":[],"product_brand":[],"product_cat":[162],"product_tag":[161,157],"product_publisher":[153],"class_list":{"0":"post-4402","1":"product","2":"type-product","3":"status-publish","4":"has-post-thumbnail","6":"product_cat-knjige","7":"product_tag-knjiga","8":"product_tag-psiholoska-drama","9":"product_publisher-primus","11":"first","12":"instock","13":"taxable","14":"shipping-taxable","15":"purchasable","16":"product-type-simple"},"jetpack_sharing_enabled":true,"_links":{"self":[{"href":"https:\/\/urbanklancnik.com\/en\/wp-json\/wp\/v2\/product\/4402","targetHints":{"allow":["GET"]}}],"collection":[{"href":"https:\/\/urbanklancnik.com\/en\/wp-json\/wp\/v2\/product"}],"about":[{"href":"https:\/\/urbanklancnik.com\/en\/wp-json\/wp\/v2\/types\/product"}],"replies":[{"embeddable":true,"href":"https:\/\/urbanklancnik.com\/en\/wp-json\/wp\/v2\/comments?post=4402"}],"version-history":[{"count":0,"href":"https:\/\/urbanklancnik.com\/en\/wp-json\/wp\/v2\/product\/4402\/revisions"}],"wp:featuredmedia":[{"embeddable":true,"href":"https:\/\/urbanklancnik.com\/en\/wp-json\/wp\/v2\/media\/4427"}],"wp:attachment":[{"href":"https:\/\/urbanklancnik.com\/en\/wp-json\/wp\/v2\/media?parent=4402"}],"wp:term":[{"taxonomy":"product_brand","embeddable":true,"href":"https:\/\/urbanklancnik.com\/en\/wp-json\/wp\/v2\/product_brand?post=4402"},{"taxonomy":"product_cat","embeddable":true,"href":"https:\/\/urbanklancnik.com\/en\/wp-json\/wp\/v2\/product_cat?post=4402"},{"taxonomy":"product_tag","embeddable":true,"href":"https:\/\/urbanklancnik.com\/en\/wp-json\/wp\/v2\/product_tag?post=4402"},{"taxonomy":"product_publisher","embeddable":true,"href":"https:\/\/urbanklancnik.com\/en\/wp-json\/wp\/v2\/product_publisher?post=4402"}],"curies":[{"name":"wp","href":"https:\/\/api.w.org\/{rel}","templated":true}]}}