{"id":3511,"date":"2023-10-19T06:59:00","date_gmt":"2023-10-19T06:59:00","guid":{"rendered":"https:\/\/urbanklancnik.com\/?page_id=3511"},"modified":"2023-10-19T06:59:00","modified_gmt":"2023-10-19T06:59:00","slug":"_authors","status":"publish","type":"page","link":"https:\/\/urbanklancnik.com\/en\/elements\/_authors\/","title":{"rendered":"_Authors"},"content":{"rendered":"\t\t<div data-elementor-type=\"wp-page\" data-elementor-id=\"3511\" class=\"elementor elementor-3511\" data-elementor-post-type=\"page\">\n\t\t\t\t\t\t<section class=\"elementor-section elementor-top-section elementor-element elementor-element-6531f8367e83f elementor-section-content-middle authore-bg-ball-random elementor-section-boxed elementor-section-height-default elementor-section-height-default\" data-id=\"6531f8367e83f\" data-element_type=\"section\" data-e-type=\"section\">\n\t\t\t\t\t\t<div class=\"elementor-container elementor-column-gap-default\">\n\t\t\t\t\t<div class=\"elementor-column elementor-col-50 elementor-top-column elementor-element elementor-element-2083757 el-col-md-12 order-2 order-lg-1\" data-id=\"2083757\" data-element_type=\"column\" data-e-type=\"column\">\n\t\t\t<div class=\"elementor-widget-wrap elementor-element-populated\">\n\t\t\t\t\t\t<div class=\"elementor-element elementor-element-36a4de1 pr-xl-5 mr-xl-5 elementor-widget elementor-widget-g5-author-singular\" data-id=\"36a4de1\" data-element_type=\"widget\" data-e-type=\"widget\" data-widget_type=\"g5-author-singular.default\">\n\t\t\t\t<div class=\"elementor-widget-container\">\n\t\t\t\t\t<div class=\"g5book__el-author-singular\">\n\t<div class=\"g5book__author-singular-wrap layout-03\">\n\t\t\t\t\t\t\t\t\t<\/div>\n\n\n\n\n\n\n<\/div>\n\t\t\t\t<\/div>\n\t\t\t\t<\/div>\n\t\t\t\t\t<\/div>\n\t\t<\/div>\n\t\t\t\t<div class=\"elementor-column elementor-col-50 elementor-top-column elementor-element elementor-element-a0736fc el-col-md-12 order-1 order-lg-2 mb-md-5 mb-lg-0\" data-id=\"a0736fc\" data-element_type=\"column\" data-e-type=\"column\">\n\t\t\t<div class=\"elementor-widget-wrap elementor-element-populated\">\n\t\t\t\t\t\t<div class=\"elementor-element elementor-element-4946b91 elementor-widget elementor-widget-image\" data-id=\"4946b91\" data-element_type=\"widget\" data-e-type=\"widget\" data-widget_type=\"image.default\">\n\t\t\t\t<div class=\"elementor-widget-container\">\n\t\t\t\t\t\t\t\t\t\t\t\t\t\t\t<img fetchpriority=\"high\" decoding=\"async\" width=\"506\" height=\"790\" src=\"https:\/\/urbanklancnik.com\/wp-content\/uploads\/2023\/09\/about-the-author-01-1.png\" class=\"attachment-large size-large wp-image-1651\" alt=\"\" srcset=\"https:\/\/urbanklancnik.com\/wp-content\/uploads\/2023\/09\/about-the-author-01-1.png 506w, https:\/\/urbanklancnik.com\/wp-content\/uploads\/2023\/09\/about-the-author-01-1-192x300.png 192w\" sizes=\"(max-width: 506px) 100vw, 506px\" \/>\t\t\t\t\t\t\t\t\t\t\t\t\t\t\t<\/div>\n\t\t\t\t<\/div>\n\t\t\t\t\t<\/div>\n\t\t<\/div>\n\t\t\t\t\t<\/div>\n\t\t<\/section>\n\t\t\t\t<section class=\"elementor-section elementor-top-section elementor-element elementor-element-6531f871259aa g5core__el-xl-full-width bg-gray elementor-section-boxed elementor-section-height-default elementor-section-height-default\" data-id=\"6531f871259aa\" data-element_type=\"section\" data-e-type=\"section\">\n\t\t\t\t\t\t<div class=\"elementor-container elementor-column-gap-default\">\n\t\t\t\t\t<div class=\"elementor-column elementor-col-100 elementor-top-column elementor-element elementor-element-20be4d4\" data-id=\"20be4d4\" data-element_type=\"column\" data-e-type=\"column\">\n\t\t\t<div class=\"elementor-widget-wrap elementor-element-populated\">\n\t\t\t\t\t\t<section class=\"elementor-section elementor-inner-section elementor-element elementor-element-5dcbf54 elementor-section-content-bottom elementor-section-boxed elementor-section-height-default elementor-section-height-default\" data-id=\"5dcbf54\" data-element_type=\"section\" data-e-type=\"section\">\n\t\t\t\t\t\t<div class=\"elementor-container elementor-column-gap-default\">\n\t\t\t\t\t<div class=\"elementor-column elementor-col-50 elementor-inner-column elementor-element elementor-element-84c6240\" data-id=\"84c6240\" data-element_type=\"column\" data-e-type=\"column\">\n\t\t\t<div class=\"elementor-widget-wrap elementor-element-populated\">\n\t\t\t\t\t\t<div class=\"elementor-element elementor-element-1636a99 elementor-widget elementor-widget-ube-heading\" data-id=\"1636a99\" data-element_type=\"widget\" data-e-type=\"widget\" data-widget_type=\"ube-heading.default\">\n\t\t\t\t<div class=\"elementor-widget-container\">\n\t\t\t\t\t<div class=\"ube-heading\">\n\t<h6 class=\"ube-heading-sub-title\" >BEST OF THE MONTH <\/h6><h2 class=\"ube-heading-title\">Popular Authors<\/h2><\/div>\t\t\t\t<\/div>\n\t\t\t\t<\/div>\n\t\t\t\t\t<\/div>\n\t\t<\/div>\n\t\t\t\t<div class=\"elementor-column elementor-col-50 elementor-inner-column elementor-element elementor-element-36588f4\" data-id=\"36588f4\" data-element_type=\"column\" data-e-type=\"column\">\n\t\t\t<div class=\"elementor-widget-wrap elementor-element-populated\">\n\t\t\t\t\t\t<div class=\"elementor-element elementor-element-fe4343b elementor-align-right elementor-mobile-align-left elementor-widget elementor-widget-ube-button\" data-id=\"fe4343b\" data-element_type=\"widget\" data-e-type=\"widget\" data-widget_type=\"ube-button.default\">\n\t\t\t\t<div class=\"elementor-widget-container\">\n\t\t\t\t\t<a class=\"ube-btn btn btn-md btn- btn-link ube-btn-icon-right\" href=\"https:\/\/urbanklancnik.com\/authors\/\">\n\t    <span class=\"ube-btn-text\">View All<\/span>\n\t        <span class=\"ube-btn-icon ube-icon\"><i aria-hidden=\"true\" class=\" icomoon-arrow-right\"><\/i><\/span>\n\t<\/a>\n\n\n\t\t\t\t<\/div>\n\t\t\t\t<\/div>\n\t\t\t\t\t<\/div>\n\t\t<\/div>\n\t\t\t\t\t<\/div>\n\t\t<\/section>\n\t\t\t\t<div class=\"elementor-element elementor-element-6b7708f custom-slider-author-singular  slider-dot-lg-none mw-slider-arrows-lg-none elementor-widget elementor-widget-g5-author-singular\" data-id=\"6b7708f\" data-element_type=\"widget\" data-e-type=\"widget\" data-widget_type=\"g5-author-singular.default\">\n\t\t\t\t<div class=\"elementor-widget-container\">\n\t\t\t\t\t<div class=\"g5book__el-author-singular\">\n\t<div class=\"g5book__author-singular-wrap layout-02 has-image\">\n\t\t<div class=\"slick-slider\" data-slick-options='{&quot;centerMode&quot;:false,&quot;centerPadding&quot;:&quot;50px&quot;,&quot;arrows&quot;:true,&quot;dots&quot;:true,&quot;infinite&quot;:true,&quot;fade&quot;:false,&quot;adaptiveHeight&quot;:true,&quot;autoplay&quot;:false,&quot;autoplaySpeed&quot;:5000,&quot;draggable&quot;:true,&quot;slidesToShow&quot;:1,&quot;slidesToScroll&quot;:1}'>\n\t\t\t\t\t\t<div class=\"g5book__author-singular\">\n    <div class=\"g5book__author-singular-inner\">\n\t\t<div class=\"g5core__post-featured g5book__author-featured g5book__single-author-featured\">\n\t\t\t\t\t<a title=\"_Authors\" style=\"--g5core-image-ratio : 112.76595744681%;;background-image: url(https:\/\/urbanklancnik.com\/wp-content\/uploads\/2023\/09\/Demon-wars.jpg)\" class=\"g5core__entry-thumbnail g5core__embed-responsive g5core__image-size-47x53\" href=\"https:\/\/urbanklancnik.com\/en\/authors\/vojne-demonov\/\">\n\t\t\t<\/a>\n\t\t\t\t<\/div>\n        <div class=\"g5book__author-singular-summary\">\n\t\t\t<h3 class=\"g5book__loop-author-title\">\n\t<a class=\"g5core__link\" title=\"Vojne demonov\" href=\"https:\/\/urbanklancnik.com\/en\/authors\/vojne-demonov\/\">Vojne demonov<\/a>\n<\/h3>\n<div class=\"g5book__loop-author-desc\">\n\t<p>Vojne demonov (delovni naslov) bo serija cirka osmih knjig. \u017de kar nekaj \u010dasa pi\u0161em, ampak po\u010dasi se sestavlja v nekaj s \u010dimer bom zadovoljen. Zgodba se za\u010dne, ko za\u010dnejo prakti\u010dno po vsem svetu izginjati ljudje. Serija bo me\u0161anica grozljivke in fantazije.<\/p>\n<\/div>\n\n<div class=\"g5book__loop-author-books-wrap\">\n    <div class=\"g5book__loop-author-books-head\">\n        <span class=\"g5book__el-author-title\">Books By Vojne demonov<\/span>\n        <a class=\"g5book__el-author-view-all\"\n           href=\"https:\/\/urbanklancnik.com\/en\/authors\/vojne-demonov\/\">View All<\/a>\n    <\/div>\n    <div class=\"g5book__loop-author-books woocommerce\">\n\t\t    <\/div>\n<\/div>\n        <\/div>\n    <\/div>\n<\/div>\n\t\t\t\t\t<div class=\"g5book__author-singular\">\n    <div class=\"g5book__author-singular-inner\">\n\t\t<div class=\"g5core__post-featured g5book__author-featured g5book__single-author-featured\">\n\t\t\t\t\t<a title=\"_Authors\" style=\"--g5core-image-ratio : 112.76595744681%;;background-image: url(https:\/\/urbanklancnik.com\/wp-content\/uploads\/2023\/09\/Angel-1.jpg)\" class=\"g5core__entry-thumbnail g5core__embed-responsive g5core__image-size-47x53\" href=\"https:\/\/urbanklancnik.com\/en\/authors\/vojne-demonov\/\">\n\t\t\t<\/a>\n\t\t\t\t<\/div>\n        <div class=\"g5book__author-singular-summary\">\n\t\t\t<h3 class=\"g5book__loop-author-title\">\n\t<a class=\"g5core__link\" title=\"Angel\" href=\"https:\/\/urbanklancnik.com\/en\/authors\/angel\/\">Angel<\/a>\n<\/h3>\n<div class=\"g5book__loop-author-desc\">\n\t<p>V svoji pisateljski karieri sem se lotil \u017ee \u0161tevilnih \u017eanrov, s knjigo z delovnim naslovom Angel, pa se lotevam neke me\u0161anice grozljivke, kriminalke in psiholo\u0161ke drame.<\/p>\n<\/div>\n\n<div class=\"g5book__loop-author-books-wrap\">\n    <div class=\"g5book__loop-author-books-head\">\n        <span class=\"g5book__el-author-title\">Books By Angel<\/span>\n        <a class=\"g5book__el-author-view-all\"\n           href=\"https:\/\/urbanklancnik.com\/en\/authors\/angel\/\">View All<\/a>\n    <\/div>\n    <div class=\"g5book__loop-author-books woocommerce\">\n\t\t    <\/div>\n<\/div>\n        <\/div>\n    <\/div>\n<\/div>\n\t\t\t\t\t<div class=\"g5book__author-singular\">\n    <div class=\"g5book__author-singular-inner\">\n\t\t<div class=\"g5core__post-featured g5book__author-featured g5book__single-author-featured\">\n\t\t\t\t\t<a title=\"_Authors\" style=\"--g5core-image-ratio : 112.76595744681%;;background-image: url(https:\/\/urbanklancnik.com\/wp-content\/uploads\/2023\/09\/1.png)\" class=\"g5core__entry-thumbnail g5core__embed-responsive g5core__image-size-47x53\" href=\"https:\/\/urbanklancnik.com\/en\/authors\/vojne-demonov\/\">\n\t\t\t<\/a>\n\t\t\t\t<\/div>\n        <div class=\"g5book__author-singular-summary\">\n\t\t\t<h3 class=\"g5book__loop-author-title\">\n\t<a class=\"g5core__link\" title=\"Kam si od\u0161el, moj svet?\" href=\"https:\/\/urbanklancnik.com\/en\/authors\/anya\/\">Kam si od\u0161el, moj svet?<\/a>\n<\/h3>\n<div class=\"g5book__loop-author-desc\">\n\t<p>Zgodba govori o deklici, ki mrzli\u010dno i\u0161\u010de svojega bratca. Podobno kot Zaveti\u0161\u010de, bo imela tudi ta knjiga nepri\u010dakovan zaplet &#8211; oziroma razplet.<\/p>\n<\/div>\n\n<div class=\"g5book__loop-author-books-wrap\">\n    <div class=\"g5book__loop-author-books-head\">\n        <span class=\"g5book__el-author-title\">Books By Kam si od\u0161el, moj svet?<\/span>\n        <a class=\"g5book__el-author-view-all\"\n           href=\"https:\/\/urbanklancnik.com\/en\/authors\/anya\/\">View All<\/a>\n    <\/div>\n    <div class=\"g5book__loop-author-books woocommerce\">\n\t\t    <\/div>\n<\/div>\n        <\/div>\n    <\/div>\n<\/div>\n\t\t\t\t<\/div>\n<\/div>\n\n\n\n\n\n\n<\/div>\n\t\t\t\t<\/div>\n\t\t\t\t<\/div>\n\t\t\t\t\t<\/div>\n\t\t<\/div>\n\t\t\t\t\t<\/div>\n\t\t<\/section>\n\t\t\t\t<section class=\"elementor-section elementor-top-section elementor-element elementor-element-6531f892d0ff5 elementor-section-boxed elementor-section-height-default elementor-section-height-default\" data-id=\"6531f892d0ff5\" data-element_type=\"section\" data-e-type=\"section\">\n\t\t\t\t\t\t<div class=\"elementor-container elementor-column-gap-default\">\n\t\t\t\t\t<div class=\"elementor-column elementor-col-100 elementor-top-column elementor-element elementor-element-0602c49\" data-id=\"0602c49\" data-element_type=\"column\" data-e-type=\"column\">\n\t\t\t<div class=\"elementor-widget-wrap elementor-element-populated\">\n\t\t\t\t\t\t<div class=\"elementor-element elementor-element-27ab614 elementor-align-center elementor-widget elementor-widget-ube-heading\" data-id=\"27ab614\" data-element_type=\"widget\" data-e-type=\"widget\" data-widget_type=\"ube-heading.default\">\n\t\t\t\t<div class=\"elementor-widget-container\">\n\t\t\t\t\t<div class=\"ube-heading\">\n\t<h6 class=\"ube-heading-sub-title\" >FOR THIS MONTH<\/h6><h2 class=\"ube-heading-title\">The Best Authors<\/h2><\/div>\t\t\t\t<\/div>\n\t\t\t\t<\/div>\n\t\t\t\t<div class=\"elementor-element elementor-element-8b64a04 elementor-widget elementor-widget-g5-authors-slider\" data-id=\"8b64a04\" data-element_type=\"widget\" data-e-type=\"widget\" data-widget_type=\"g5-authors-slider.default\">\n\t\t\t\t<div class=\"elementor-widget-container\">\n\t\t\t\t\t<div class=\"g5book__el-authors-slider\">\n\t<div data-items-wrapper=\"6a04ab0825fbd\" class=\"g5book__listing-wrap g5book__author-listing-wrap g5book__layout-grid\">\n\t\t<div data-items-container data-slick-options='{&quot;slidesToShow&quot;:4,&quot;slidesToScroll&quot;:4,&quot;centerMode&quot;:false,&quot;centerPadding&quot;:null,&quot;arrows&quot;:false,&quot;dots&quot;:true,&quot;infinite&quot;:false,&quot;fade&quot;:false,&quot;adaptiveHeight&quot;:true,&quot;autoplay&quot;:false,&quot;autoplaySpeed&quot;:0,&quot;draggable&quot;:true,&quot;responsive&quot;:[{&quot;breakpoint&quot;:1200,&quot;settings&quot;:{&quot;slidesToShow&quot;:4,&quot;slidesToScroll&quot;:4}},{&quot;breakpoint&quot;:992,&quot;settings&quot;:{&quot;slidesToShow&quot;:3,&quot;slidesToScroll&quot;:3}},{&quot;breakpoint&quot;:768,&quot;settings&quot;:{&quot;slidesToShow&quot;:2,&quot;slidesToScroll&quot;:2}},{&quot;breakpoint&quot;:576,&quot;settings&quot;:{&quot;slidesToShow&quot;:1,&quot;slidesToScroll&quot;:1}}]}' class=\"g5book__listing-inner slick-slider g5core__gutter-30\">\n\t\t<article  class=\"g5book__post-item g5core__gutter-item g5book__post-default g5book__author-skin-01 g5author__post-item-1 g5book__author-skin-classic post-1622 authors type-authors status-publish has-post-thumbnail hentry\">\n\t<div  class=\"g5core__post-item-inner g5book__post-inner \">\n\t\t<div class=\"g5core__post-featured g5book__author-featured\">\n\t\t\t\t\t<a title=\"_Authors\" style=\"background-image: url(https:\/\/urbanklancnik.com\/wp-content\/uploads\/2023\/09\/Angel-1.jpg)\" class=\"g5core__entry-thumbnail g5core__embed-responsive g5core__image-size-1x1\" href=\"https:\/\/urbanklancnik.com\/en\/authors\/angel\/\">\n\t\t\t<\/a>\n\t\t\t\t<\/div>\n\t\t<div class=\"g5book__author-content\">\n\t\t\t<h3 class=\"g5book__loop-author-title\">\n\t<a class=\"g5core__link\" title=\"Angel\" href=\"https:\/\/urbanklancnik.com\/en\/authors\/angel\/\">Angel<\/a>\n<\/h3>\n<div class=\"g5book__loop-book-count\">\n\t4 <span>Books<\/span><\/div>\n\t\t<\/div>\n\t<\/div>\n<\/article>\n<article  class=\"g5book__post-item g5core__gutter-item g5book__post-default g5book__author-skin-01 g5author__post-item-2 g5book__author-skin-classic post-1619 authors type-authors status-publish has-post-thumbnail hentry\">\n\t<div  class=\"g5core__post-item-inner g5book__post-inner \">\n\t\t<div class=\"g5core__post-featured g5book__author-featured\">\n\t\t\t\t\t<a title=\"_Authors\" style=\"background-image: url(https:\/\/urbanklancnik.com\/wp-content\/uploads\/2023\/09\/1.png)\" class=\"g5core__entry-thumbnail g5core__embed-responsive g5core__image-size-1x1\" href=\"https:\/\/urbanklancnik.com\/en\/authors\/anya\/\">\n\t\t\t<\/a>\n\t\t\t\t<\/div>\n\t\t<div class=\"g5book__author-content\">\n\t\t\t<h3 class=\"g5book__loop-author-title\">\n\t<a class=\"g5core__link\" title=\"Kam si od\u0161el, moj svet?\" href=\"https:\/\/urbanklancnik.com\/en\/authors\/anya\/\">Kam si od\u0161el, moj svet?<\/a>\n<\/h3>\n<div class=\"g5book__loop-book-count\">\n\t6 <span>Books<\/span><\/div>\n\t\t<\/div>\n\t<\/div>\n<\/article>\n<article  class=\"g5book__post-item g5core__gutter-item g5book__post-default g5book__author-skin-01 g5author__post-item-3 g5book__author-skin-classic post-1612 authors type-authors status-publish has-post-thumbnail hentry\">\n\t<div  class=\"g5core__post-item-inner g5book__post-inner \">\n\t\t<div class=\"g5core__post-featured g5book__author-featured\">\n\t\t\t\t\t<a title=\"_Authors\" style=\"background-image: url(https:\/\/urbanklancnik.com\/wp-content\/uploads\/2023\/09\/Demon-wars.jpg)\" class=\"g5core__entry-thumbnail g5core__embed-responsive g5core__image-size-1x1\" href=\"https:\/\/urbanklancnik.com\/en\/authors\/vojne-demonov\/\">\n\t\t\t<\/a>\n\t\t\t\t<\/div>\n\t\t<div class=\"g5book__author-content\">\n\t\t\t<h3 class=\"g5book__loop-author-title\">\n\t<a class=\"g5core__link\" title=\"Vojne demonov\" href=\"https:\/\/urbanklancnik.com\/en\/authors\/vojne-demonov\/\">Vojne demonov<\/a>\n<\/h3>\n<div class=\"g5book__loop-book-count\">\n\t4 <span>Books<\/span><\/div>\n\t\t<\/div>\n\t<\/div>\n<\/article>\n\t<\/div>\n\t<\/div>\n<\/div>\t\t\t\t<\/div>\n\t\t\t\t<\/div>\n\t\t\t\t\t<\/div>\n\t\t<\/div>\n\t\t\t\t\t<\/div>\n\t\t<\/section>\n\t\t\t\t<\/div>\n\t\t","protected":false},"excerpt":{"rendered":"<p>Mohamed Arafa Author, Entrepreneur, Speaker I\u2019m a business leader, Technology entrepreneur, Speaker, Author and Investor. My goal is to inspire others towards a positive change. Facebook Twitter Instagram BEST OF [&hellip;]<\/p>\n","protected":false},"author":1,"featured_media":0,"parent":17,"menu_order":0,"comment_status":"closed","ping_status":"closed","template":"elementor_header_footer","meta":{"footnotes":""},"class_list":["post-3511","page","type-page","status-publish","hentry"],"jetpack_sharing_enabled":true,"_links":{"self":[{"href":"https:\/\/urbanklancnik.com\/en\/wp-json\/wp\/v2\/pages\/3511","targetHints":{"allow":["GET"]}}],"collection":[{"href":"https:\/\/urbanklancnik.com\/en\/wp-json\/wp\/v2\/pages"}],"about":[{"href":"https:\/\/urbanklancnik.com\/en\/wp-json\/wp\/v2\/types\/page"}],"author":[{"embeddable":true,"href":"https:\/\/urbanklancnik.com\/en\/wp-json\/wp\/v2\/users\/1"}],"replies":[{"embeddable":true,"href":"https:\/\/urbanklancnik.com\/en\/wp-json\/wp\/v2\/comments?post=3511"}],"version-history":[{"count":0,"href":"https:\/\/urbanklancnik.com\/en\/wp-json\/wp\/v2\/pages\/3511\/revisions"}],"up":[{"embeddable":true,"href":"https:\/\/urbanklancnik.com\/en\/wp-json\/wp\/v2\/pages\/17"}],"wp:attachment":[{"href":"https:\/\/urbanklancnik.com\/en\/wp-json\/wp\/v2\/media?parent=3511"}],"curies":[{"name":"wp","href":"https:\/\/api.w.org\/{rel}","templated":true}]}}